{"id":1060,"date":"2024-06-06T16:42:57","date_gmt":"2024-06-06T16:42:57","guid":{"rendered":"https:\/\/novadigital.co.mz\/?page_id=1060"},"modified":"2024-06-12T06:43:45","modified_gmt":"2024-06-12T06:43:45","slug":"desenvolvimento-de-websites","status":"publish","type":"page","link":"https:\/\/novadigital.co.mz\/en\/desenvolvimento-de-websites\/","title":{"rendered":"Desenvolvimento de websites"},"content":{"rendered":"<div data-elementor-type=\"wp-page\" data-elementor-id=\"1060\" class=\"elementor elementor-1060\">\n\t\t\t\t<div class=\"has_eae_slider elementor-element elementor-element-24dc0ff7 e-flex e-con-boxed e-con e-parent\" data-eae-slider=\"22778\" data-id=\"24dc0ff7\" data-element_type=\"container\" data-e-type=\"container\" data-settings=\"{&quot;background_background&quot;:&quot;gradient&quot;}\">\n\t\t\t\t\t<div class=\"e-con-inner\">\n\t\t\t\t<div class=\"elementor-element elementor-element-2b1c0a8d elementor-widget elementor-widget-zeus-advanced-heading\" data-id=\"2b1c0a8d\" data-element_type=\"widget\" data-e-type=\"widget\" data-widget_type=\"zeus-advanced-heading.default\">\n\t\t\t\t<div class=\"elementor-widget-container\">\n\t\t\t\t\t\n\t\t<div class=\"zeus-advanced-heading\">\n\n\t\t\t\t\t\t\t<div class=\"zeus-background-heading zeus-hide-tm\">\n\t\t\t\t\t<div>Nova Digital<\/div>\n\t\t\t\t<\/div>\n\t\t\t\t\t\t\t\t<h2  class=\"zeus-main-heading\">\n\t\t\t\t\t<div>\n\t\t\t\t\t\tWe think, plan, execute and deliver results beyond expectations.\n\t\t\t\t\t\t\t\t\t\t\t\t\t\t<div class=\"zeus-line zeus-main-line zeus-line-align-bottom\"><\/div>\n\t\t\t\t\t\t\t\t\t\t\t\t\t<\/div>\n\t\t\t\t<\/h2>\n\t\t\t\t\n\t\t<\/div>\n\n\t\t\t\t\t\t<\/div>\n\t\t\t\t<\/div>\n\t\t\t\t\t<\/div>\n\t\t\t\t<\/div>\n\t\t<div class=\"has_eae_slider elementor-element elementor-element-6a95fcd1 e-flex e-con-boxed e-con e-parent\" data-eae-slider=\"22392\" data-id=\"6a95fcd1\" data-element_type=\"container\" data-e-type=\"container\" data-settings=\"{&quot;background_background&quot;:&quot;classic&quot;}\">\n\t\t\t\t\t<div class=\"e-con-inner\">\n\t\t<div class=\"has_eae_slider elementor-element elementor-element-21af8a65 e-con-full e-flex e-con e-child\" data-eae-slider=\"18295\" data-id=\"21af8a65\" data-element_type=\"container\" data-e-type=\"container\">\n\t\t\t\t<div class=\"elementor-element elementor-element-4622e68d elementor-widget elementor-widget-text-editor\" data-id=\"4622e68d\" data-element_type=\"widget\" data-e-type=\"widget\" data-widget_type=\"text-editor.default\">\n\t\t\t\t<div class=\"elementor-widget-container\">\n\t\t\t\t\t\t\t\t\t<p>With a user-centered approach and a passion for innovative design, we create websites that not only visually impress but also provide an intuitive and engaging experience for visitors.<\/p>\t\t\t\t\t\t\t\t<\/div>\n\t\t\t\t<\/div>\n\t\t\t\t<div class=\"elementor-element elementor-element-347cca4 elementor-icon-list--layout-traditional elementor-list-item-link-full_width elementor-widget elementor-widget-icon-list\" data-id=\"347cca4\" data-element_type=\"widget\" data-e-type=\"widget\" data-widget_type=\"icon-list.default\">\n\t\t\t\t<div class=\"elementor-widget-container\">\n\t\t\t\t\t\t\t<ul class=\"elementor-icon-list-items\">\n\t\t\t\t\t\t\t<li class=\"elementor-icon-list-item\">\n\t\t\t\t\t\t\t\t\t\t\t<span class=\"elementor-icon-list-icon\">\n\t\t\t\t\t\t\t<svg aria-hidden=\"true\" class=\"e-font-icon-svg e-fas-check\" viewbox=\"0 0 512 512\" xmlns=\"http:\/\/www.w3.org\/2000\/svg\"><path d=\"M173.898 439.404l-166.4-166.4c-9.997-9.997-9.997-26.206 0-36.204l36.203-36.204c9.997-9.998 26.207-9.998 36.204 0L192 312.69 432.095 72.596c9.997-9.997 26.207-9.997 36.204 0l36.203 36.204c9.997 9.997 9.997 26.206 0 36.204l-294.4 294.401c-9.998 9.997-26.207 9.997-36.204-.001z\"><\/path><\/svg>\t\t\t\t\t\t<\/span>\n\t\t\t\t\t\t\t\t\t\t<span class=\"elementor-icon-list-text\">Website Design<\/span>\n\t\t\t\t\t\t\t\t\t<\/li>\n\t\t\t\t\t\t\t\t<li class=\"elementor-icon-list-item\">\n\t\t\t\t\t\t\t\t\t\t\t<span class=\"elementor-icon-list-icon\">\n\t\t\t\t\t\t\t<svg aria-hidden=\"true\" class=\"e-font-icon-svg e-fas-check\" viewbox=\"0 0 512 512\" xmlns=\"http:\/\/www.w3.org\/2000\/svg\"><path d=\"M173.898 439.404l-166.4-166.4c-9.997-9.997-9.997-26.206 0-36.204l36.203-36.204c9.997-9.998 26.207-9.998 36.204 0L192 312.69 432.095 72.596c9.997-9.997 26.207-9.997 36.204 0l36.203 36.204c9.997 9.997 9.997 26.206 0 36.204l-294.4 294.401c-9.998 9.997-26.207 9.997-36.204-.001z\"><\/path><\/svg>\t\t\t\t\t\t<\/span>\n\t\t\t\t\t\t\t\t\t\t<span class=\"elementor-icon-list-text\">Website development<\/span>\n\t\t\t\t\t\t\t\t\t<\/li>\n\t\t\t\t\t\t\t\t<li class=\"elementor-icon-list-item\">\n\t\t\t\t\t\t\t\t\t\t\t<span class=\"elementor-icon-list-icon\">\n\t\t\t\t\t\t\t<svg aria-hidden=\"true\" class=\"e-font-icon-svg e-fas-check\" viewbox=\"0 0 512 512\" xmlns=\"http:\/\/www.w3.org\/2000\/svg\"><path d=\"M173.898 439.404l-166.4-166.4c-9.997-9.997-9.997-26.206 0-36.204l36.203-36.204c9.997-9.998 26.207-9.998 36.204 0L192 312.69 432.095 72.596c9.997-9.997 26.207-9.997 36.204 0l36.203 36.204c9.997 9.997 9.997 26.206 0 36.204l-294.4 294.401c-9.998 9.997-26.207 9.997-36.204-.001z\"><\/path><\/svg>\t\t\t\t\t\t<\/span>\n\t\t\t\t\t\t\t\t\t\t<span class=\"elementor-icon-list-text\">Optimized SEO<\/span>\n\t\t\t\t\t\t\t\t\t<\/li>\n\t\t\t\t\t\t\t\t<li class=\"elementor-icon-list-item\">\n\t\t\t\t\t\t\t\t\t\t\t<span class=\"elementor-icon-list-icon\">\n\t\t\t\t\t\t\t<svg aria-hidden=\"true\" class=\"e-font-icon-svg e-fas-check\" viewbox=\"0 0 512 512\" xmlns=\"http:\/\/www.w3.org\/2000\/svg\"><path d=\"M173.898 439.404l-166.4-166.4c-9.997-9.997-9.997-26.206 0-36.204l36.203-36.204c9.997-9.998 26.207-9.998 36.204 0L192 312.69 432.095 72.596c9.997-9.997 26.207-9.997 36.204 0l36.203 36.204c9.997 9.997 9.997 26.206 0 36.204l-294.4 294.401c-9.998 9.997-26.207 9.997-36.204-.001z\"><\/path><\/svg>\t\t\t\t\t\t<\/span>\n\t\t\t\t\t\t\t\t\t\t<span class=\"elementor-icon-list-text\">Domain Registration<\/span>\n\t\t\t\t\t\t\t\t\t<\/li>\n\t\t\t\t\t\t\t\t<li class=\"elementor-icon-list-item\">\n\t\t\t\t\t\t\t\t\t\t\t<span class=\"elementor-icon-list-icon\">\n\t\t\t\t\t\t\t<svg aria-hidden=\"true\" class=\"e-font-icon-svg e-fas-check\" viewbox=\"0 0 512 512\" xmlns=\"http:\/\/www.w3.org\/2000\/svg\"><path d=\"M173.898 439.404l-166.4-166.4c-9.997-9.997-9.997-26.206 0-36.204l36.203-36.204c9.997-9.998 26.207-9.998 36.204 0L192 312.69 432.095 72.596c9.997-9.997 26.207-9.997 36.204 0l36.203 36.204c9.997 9.997 9.997 26.206 0 36.204l-294.4 294.401c-9.998 9.997-26.207 9.997-36.204-.001z\"><\/path><\/svg>\t\t\t\t\t\t<\/span>\n\t\t\t\t\t\t\t\t\t\t<span class=\"elementor-icon-list-text\">Corporate Emails<\/span>\n\t\t\t\t\t\t\t\t\t<\/li>\n\t\t\t\t\t\t\t\t<li class=\"elementor-icon-list-item\">\n\t\t\t\t\t\t\t\t\t\t\t<span class=\"elementor-icon-list-icon\">\n\t\t\t\t\t\t\t<svg aria-hidden=\"true\" class=\"e-font-icon-svg e-fas-check\" viewbox=\"0 0 512 512\" xmlns=\"http:\/\/www.w3.org\/2000\/svg\"><path d=\"M173.898 439.404l-166.4-166.4c-9.997-9.997-9.997-26.206 0-36.204l36.203-36.204c9.997-9.998 26.207-9.998 36.204 0L192 312.69 432.095 72.596c9.997-9.997 26.207-9.997 36.204 0l36.203 36.204c9.997 9.997 9.997 26.206 0 36.204l-294.4 294.401c-9.998 9.997-26.207 9.997-36.204-.001z\"><\/path><\/svg>\t\t\t\t\t\t<\/span>\n\t\t\t\t\t\t\t\t\t\t<span class=\"elementor-icon-list-text\">IT Support<\/span>\n\t\t\t\t\t\t\t\t\t<\/li>\n\t\t\t\t\t\t<\/ul>\n\t\t\t\t\t\t<\/div>\n\t\t\t\t<\/div>\n\t\t\t\t<\/div>\n\t\t<div class=\"has_eae_slider elementor-element elementor-element-3aab466e e-con-full e-flex e-con e-child\" data-eae-slider=\"94340\" data-id=\"3aab466e\" data-element_type=\"container\" data-e-type=\"container\">\n\t\t<div class=\"has_eae_slider elementor-element elementor-element-7a4f6058 e-flex e-con-boxed e-con e-child\" data-eae-slider=\"96315\" data-id=\"7a4f6058\" data-element_type=\"container\" data-e-type=\"container\" data-settings=\"{&quot;background_background&quot;:&quot;slideshow&quot;,&quot;background_slideshow_gallery&quot;:[{&quot;id&quot;:1311,&quot;url&quot;:&quot;https:\\\/\\\/novadigital.co.mz\\\/wp-content\\\/uploads\\\/2024\\\/06\\\/Cerenim-Mockup-scaled.webp&quot;},{&quot;id&quot;:1312,&quot;url&quot;:&quot;https:\\\/\\\/novadigital.co.mz\\\/wp-content\\\/uploads\\\/2024\\\/06\\\/CMAX-Mockup-scaled.webp&quot;},{&quot;id&quot;:1289,&quot;url&quot;:&quot;https:\\\/\\\/novadigital.co.mz\\\/wp-content\\\/uploads\\\/2024\\\/06\\\/GeoSolid-Mockup-scaled.webp&quot;}],&quot;background_slideshow_ken_burns&quot;:&quot;yes&quot;,&quot;background_slideshow_loop&quot;:&quot;yes&quot;,&quot;background_slideshow_slide_duration&quot;:5000,&quot;background_slideshow_slide_transition&quot;:&quot;fade&quot;,&quot;background_slideshow_transition_duration&quot;:500,&quot;background_slideshow_ken_burns_zoom_direction&quot;:&quot;in&quot;}\">\n\t\t\t\t\t<div class=\"e-con-inner\">\n\t\t\t\t<div class=\"elementor-element elementor-element-3087b69e elementor-widget elementor-widget-spacer\" data-id=\"3087b69e\" data-element_type=\"widget\" data-e-type=\"widget\" data-widget_type=\"spacer.default\">\n\t\t\t\t<div class=\"elementor-widget-container\">\n\t\t\t\t\t\t\t<div class=\"elementor-spacer\">\n\t\t\t<div class=\"elementor-spacer-inner\"><\/div>\n\t\t<\/div>\n\t\t\t\t\t\t<\/div>\n\t\t\t\t<\/div>\n\t\t\t\t\t<\/div>\n\t\t\t\t<\/div>\n\t\t\t\t<\/div>\n\t\t\t\t\t<\/div>\n\t\t\t\t<\/div>\n\t\t\t\t<\/div>","protected":false},"excerpt":{"rendered":"<p>Nova Digital Pensamos, planeamos, executamos e entregamos resultados al\u00e9m da\u00a0expectativa. Com uma abordagem centrada no usu\u00e1rio e uma paix\u00e3o pelo design inovador, criamos websites que n\u00e3o s\u00f3 impressionam visualmente, mas tamb\u00e9m oferecem uma experi\u00eancia intuitiva e envolvente para os visitantes. Design de Websites Desenvolvimento de Websites SEO Otimizado Registo de Dom\u00ednio Emails Corporativos Suporte de [&hellip;]<\/p>","protected":false},"author":1,"featured_media":0,"parent":0,"menu_order":0,"comment_status":"closed","ping_status":"closed","template":"elementor_header_footer","meta":{"footnotes":""},"class_list":["post-1060","page","type-page","status-publish","hentry"],"yoast_head":"<!-- This site is optimized with the Yoast SEO plugin v27.2 - https:\/\/yoast.com\/product\/yoast-seo-wordpress\/ -->\n<title>Desenvolvimento de websites - Nova Digital<\/title>\n<meta name=\"robots\" content=\"index, follow, max-snippet:-1, max-image-preview:large, max-video-preview:-1\" \/>\n<link rel=\"canonical\" href=\"https:\/\/novadigital.co.mz\/en\/desenvolvimento-de-websites\/\" \/>\n<meta property=\"og:locale\" content=\"en_US\" \/>\n<meta property=\"og:type\" content=\"article\" \/>\n<meta property=\"og:title\" content=\"Desenvolvimento de websites - Nova Digital\" \/>\n<meta property=\"og:description\" content=\"Nova Digital Pensamos, planeamos, executamos e entregamos resultados al\u00e9m da\u00a0expectativa. Com uma abordagem centrada no usu\u00e1rio e uma paix\u00e3o pelo design inovador, criamos websites que n\u00e3o s\u00f3 impressionam visualmente, mas tamb\u00e9m oferecem uma experi\u00eancia intuitiva e envolvente para os visitantes. Design de Websites Desenvolvimento de Websites SEO Otimizado Registo de Dom\u00ednio Emails Corporativos Suporte de [&hellip;]\" \/>\n<meta property=\"og:url\" content=\"https:\/\/novadigital.co.mz\/en\/desenvolvimento-de-websites\/\" \/>\n<meta property=\"og:site_name\" content=\"Nova Digital\" \/>\n<meta property=\"article:modified_time\" content=\"2024-06-12T06:43:45+00:00\" \/>\n<meta name=\"twitter:card\" content=\"summary_large_image\" \/>\n<script type=\"application\/ld+json\" class=\"yoast-schema-graph\">{\"@context\":\"https:\/\/schema.org\",\"@graph\":[{\"@type\":\"WebPage\",\"@id\":\"https:\/\/novadigital.co.mz\/desenvolvimento-de-websites\/\",\"url\":\"https:\/\/novadigital.co.mz\/desenvolvimento-de-websites\/\",\"name\":\"Desenvolvimento de websites - Nova Digital\",\"isPartOf\":{\"@id\":\"https:\/\/novadigital.co.mz\/#website\"},\"datePublished\":\"2024-06-06T16:42:57+00:00\",\"dateModified\":\"2024-06-12T06:43:45+00:00\",\"breadcrumb\":{\"@id\":\"https:\/\/novadigital.co.mz\/desenvolvimento-de-websites\/#breadcrumb\"},\"inLanguage\":\"en-US\",\"potentialAction\":[{\"@type\":\"ReadAction\",\"target\":[\"https:\/\/novadigital.co.mz\/desenvolvimento-de-websites\/\"]}]},{\"@type\":\"BreadcrumbList\",\"@id\":\"https:\/\/novadigital.co.mz\/desenvolvimento-de-websites\/#breadcrumb\",\"itemListElement\":[{\"@type\":\"ListItem\",\"position\":1,\"name\":\"Home\",\"item\":\"https:\/\/novadigital.co.mz\/\"},{\"@type\":\"ListItem\",\"position\":2,\"name\":\"Desenvolvimento de websites\"}]},{\"@type\":\"WebSite\",\"@id\":\"https:\/\/novadigital.co.mz\/#website\",\"url\":\"https:\/\/novadigital.co.mz\/\",\"name\":\"Nova Digital\",\"description\":\"CONNECTING BRANDS T O T H E W O R L D\",\"potentialAction\":[{\"@type\":\"SearchAction\",\"target\":{\"@type\":\"EntryPoint\",\"urlTemplate\":\"https:\/\/novadigital.co.mz\/?s={search_term_string}\"},\"query-input\":{\"@type\":\"PropertyValueSpecification\",\"valueRequired\":true,\"valueName\":\"search_term_string\"}}],\"inLanguage\":\"en-US\"}]}<\/script>\n<!-- \/ Yoast SEO plugin. -->","yoast_head_json":{"title":"Desenvolvimento de websites - Nova Digital","robots":{"index":"index","follow":"follow","max-snippet":"max-snippet:-1","max-image-preview":"max-image-preview:large","max-video-preview":"max-video-preview:-1"},"canonical":"https:\/\/novadigital.co.mz\/en\/desenvolvimento-de-websites\/","og_locale":"en_US","og_type":"article","og_title":"Desenvolvimento de websites - Nova Digital","og_description":"Nova Digital Pensamos, planeamos, executamos e entregamos resultados al\u00e9m da\u00a0expectativa. Com uma abordagem centrada no usu\u00e1rio e uma paix\u00e3o pelo design inovador, criamos websites que n\u00e3o s\u00f3 impressionam visualmente, mas tamb\u00e9m oferecem uma experi\u00eancia intuitiva e envolvente para os visitantes. Design de Websites Desenvolvimento de Websites SEO Otimizado Registo de Dom\u00ednio Emails Corporativos Suporte de [&hellip;]","og_url":"https:\/\/novadigital.co.mz\/en\/desenvolvimento-de-websites\/","og_site_name":"Nova Digital","article_modified_time":"2024-06-12T06:43:45+00:00","twitter_card":"summary_large_image","schema":{"@context":"https:\/\/schema.org","@graph":[{"@type":"WebPage","@id":"https:\/\/novadigital.co.mz\/desenvolvimento-de-websites\/","url":"https:\/\/novadigital.co.mz\/desenvolvimento-de-websites\/","name":"Desenvolvimento de websites - Nova Digital","isPartOf":{"@id":"https:\/\/novadigital.co.mz\/#website"},"datePublished":"2024-06-06T16:42:57+00:00","dateModified":"2024-06-12T06:43:45+00:00","breadcrumb":{"@id":"https:\/\/novadigital.co.mz\/desenvolvimento-de-websites\/#breadcrumb"},"inLanguage":"en-US","potentialAction":[{"@type":"ReadAction","target":["https:\/\/novadigital.co.mz\/desenvolvimento-de-websites\/"]}]},{"@type":"BreadcrumbList","@id":"https:\/\/novadigital.co.mz\/desenvolvimento-de-websites\/#breadcrumb","itemListElement":[{"@type":"ListItem","position":1,"name":"Home","item":"https:\/\/novadigital.co.mz\/"},{"@type":"ListItem","position":2,"name":"Desenvolvimento de websites"}]},{"@type":"WebSite","@id":"https:\/\/novadigital.co.mz\/#website","url":"https:\/\/novadigital.co.mz\/","name":"Nova Digital","description":"CONNECTING BRANDS T O T H E W O R L D","potentialAction":[{"@type":"SearchAction","target":{"@type":"EntryPoint","urlTemplate":"https:\/\/novadigital.co.mz\/?s={search_term_string}"},"query-input":{"@type":"PropertyValueSpecification","valueRequired":true,"valueName":"search_term_string"}}],"inLanguage":"en-US"}]}},"_links":{"self":[{"href":"https:\/\/novadigital.co.mz\/en\/wp-json\/wp\/v2\/pages\/1060","targetHints":{"allow":["GET"]}}],"collection":[{"href":"https:\/\/novadigital.co.mz\/en\/wp-json\/wp\/v2\/pages"}],"about":[{"href":"https:\/\/novadigital.co.mz\/en\/wp-json\/wp\/v2\/types\/page"}],"author":[{"embeddable":true,"href":"https:\/\/novadigital.co.mz\/en\/wp-json\/wp\/v2\/users\/1"}],"replies":[{"embeddable":true,"href":"https:\/\/novadigital.co.mz\/en\/wp-json\/wp\/v2\/comments?post=1060"}],"version-history":[{"count":0,"href":"https:\/\/novadigital.co.mz\/en\/wp-json\/wp\/v2\/pages\/1060\/revisions"}],"wp:attachment":[{"href":"https:\/\/novadigital.co.mz\/en\/wp-json\/wp\/v2\/media?parent=1060"}],"curies":[{"name":"wp","href":"https:\/\/api.w.org\/{rel}","templated":true}]}}