{"id":1062,"date":"2024-06-06T16:43:34","date_gmt":"2024-06-06T16:43:34","guid":{"rendered":"https:\/\/novadigital.co.mz\/?page_id=1062"},"modified":"2024-06-12T06:52:28","modified_gmt":"2024-06-12T06:52:28","slug":"branding","status":"publish","type":"page","link":"https:\/\/novadigital.co.mz\/en\/branding\/","title":{"rendered":"Branding"},"content":{"rendered":"<div data-elementor-type=\"wp-page\" data-elementor-id=\"1062\" class=\"elementor elementor-1062\">\n\t\t\t\t<div class=\"has_eae_slider elementor-element elementor-element-6d8f7e33 e-flex e-con-boxed e-con e-parent\" data-eae-slider=\"39349\" data-id=\"6d8f7e33\" data-element_type=\"container\" data-e-type=\"container\" data-settings=\"{&quot;background_background&quot;:&quot;gradient&quot;}\">\n\t\t\t\t\t<div class=\"e-con-inner\">\n\t\t\t\t<div class=\"elementor-element elementor-element-7d12997 elementor-widget elementor-widget-zeus-advanced-heading\" data-id=\"7d12997\" data-element_type=\"widget\" data-e-type=\"widget\" data-widget_type=\"zeus-advanced-heading.default\">\n\t\t\t\t<div class=\"elementor-widget-container\">\n\t\t\t\t\t\n\t\t<div class=\"zeus-advanced-heading\">\n\n\t\t\t\t\t\t\t<div class=\"zeus-background-heading zeus-hide-tm\">\n\t\t\t\t\t<div>Nova Digital<\/div>\n\t\t\t\t<\/div>\n\t\t\t\t\t\t\t\t<h2  class=\"zeus-main-heading\">\n\t\t\t\t\t<div>\n\t\t\t\t\t\tWe think, plan, execute and deliver results beyond expectations.\n\t\t\t\t\t\t\t\t\t\t\t\t\t\t<div class=\"zeus-line zeus-main-line zeus-line-align-bottom\"><\/div>\n\t\t\t\t\t\t\t\t\t\t\t\t\t<\/div>\n\t\t\t\t<\/h2>\n\t\t\t\t\n\t\t<\/div>\n\n\t\t\t\t\t\t<\/div>\n\t\t\t\t<\/div>\n\t\t\t\t\t<\/div>\n\t\t\t\t<\/div>\n\t\t<div class=\"has_eae_slider elementor-element elementor-element-6a85ea1 e-flex e-con-boxed e-con e-parent\" data-eae-slider=\"31382\" data-id=\"6a85ea1\" data-element_type=\"container\" data-e-type=\"container\" data-settings=\"{&quot;background_background&quot;:&quot;classic&quot;}\">\n\t\t\t\t\t<div class=\"e-con-inner\">\n\t\t<div class=\"has_eae_slider elementor-element elementor-element-2e4b1bec e-con-full e-flex e-con e-child\" data-eae-slider=\"77676\" data-id=\"2e4b1bec\" data-element_type=\"container\" data-e-type=\"container\">\n\t\t\t\t<div class=\"elementor-element elementor-element-5f3fbec6 elementor-widget elementor-widget-spacer\" data-id=\"5f3fbec6\" data-element_type=\"widget\" data-e-type=\"widget\" data-widget_type=\"spacer.default\">\n\t\t\t\t<div class=\"elementor-widget-container\">\n\t\t\t\t\t\t\t<div class=\"elementor-spacer\">\n\t\t\t<div class=\"elementor-spacer-inner\"><\/div>\n\t\t<\/div>\n\t\t\t\t\t\t<\/div>\n\t\t\t\t<\/div>\n\t\t\t\t<div class=\"elementor-element elementor-element-342db086 elementor-widget elementor-widget-text-editor\" data-id=\"342db086\" data-element_type=\"widget\" data-e-type=\"widget\" data-widget_type=\"text-editor.default\">\n\t\t\t\t<div class=\"elementor-widget-container\">\n\t\t\t\t\t\t\t\t\t<p>Our passionate team of creatives is dedicated to capturing the unique essence of your brand and transforming it into a powerful visual narrative. From developing brand concepts to creating cohesive and memorable visual elements.<\/p>\t\t\t\t\t\t\t\t<\/div>\n\t\t\t\t<\/div>\n\t\t\t\t<div class=\"elementor-element elementor-element-1ec36bc elementor-icon-list--layout-traditional elementor-list-item-link-full_width elementor-widget elementor-widget-icon-list\" data-id=\"1ec36bc\" data-element_type=\"widget\" data-e-type=\"widget\" data-widget_type=\"icon-list.default\">\n\t\t\t\t<div class=\"elementor-widget-container\">\n\t\t\t\t\t\t\t<ul class=\"elementor-icon-list-items\">\n\t\t\t\t\t\t\t<li class=\"elementor-icon-list-item\">\n\t\t\t\t\t\t\t\t\t\t\t<span class=\"elementor-icon-list-icon\">\n\t\t\t\t\t\t\t<svg aria-hidden=\"true\" class=\"e-font-icon-svg e-fas-check\" viewbox=\"0 0 512 512\" xmlns=\"http:\/\/www.w3.org\/2000\/svg\"><path d=\"M173.898 439.404l-166.4-166.4c-9.997-9.997-9.997-26.206 0-36.204l36.203-36.204c9.997-9.998 26.207-9.998 36.204 0L192 312.69 432.095 72.596c9.997-9.997 26.207-9.997 36.204 0l36.203 36.204c9.997 9.997 9.997 26.206 0 36.204l-294.4 294.401c-9.998 9.997-26.207 9.997-36.204-.001z\"><\/path><\/svg>\t\t\t\t\t\t<\/span>\n\t\t\t\t\t\t\t\t\t\t<span class=\"elementor-icon-list-text\">Logo Design<\/span>\n\t\t\t\t\t\t\t\t\t<\/li>\n\t\t\t\t\t\t\t\t<li class=\"elementor-icon-list-item\">\n\t\t\t\t\t\t\t\t\t\t\t<span class=\"elementor-icon-list-icon\">\n\t\t\t\t\t\t\t<svg aria-hidden=\"true\" class=\"e-font-icon-svg e-fas-check\" viewbox=\"0 0 512 512\" xmlns=\"http:\/\/www.w3.org\/2000\/svg\"><path d=\"M173.898 439.404l-166.4-166.4c-9.997-9.997-9.997-26.206 0-36.204l36.203-36.204c9.997-9.998 26.207-9.998 36.204 0L192 312.69 432.095 72.596c9.997-9.997 26.207-9.997 36.204 0l36.203 36.204c9.997 9.997 9.997 26.206 0 36.204l-294.4 294.401c-9.998 9.997-26.207 9.997-36.204-.001z\"><\/path><\/svg>\t\t\t\t\t\t<\/span>\n\t\t\t\t\t\t\t\t\t\t<span class=\"elementor-icon-list-text\">Corporate Branding<\/span>\n\t\t\t\t\t\t\t\t\t<\/li>\n\t\t\t\t\t\t\t\t<li class=\"elementor-icon-list-item\">\n\t\t\t\t\t\t\t\t\t\t\t<span class=\"elementor-icon-list-icon\">\n\t\t\t\t\t\t\t<svg aria-hidden=\"true\" class=\"e-font-icon-svg e-fas-check\" viewbox=\"0 0 512 512\" xmlns=\"http:\/\/www.w3.org\/2000\/svg\"><path d=\"M173.898 439.404l-166.4-166.4c-9.997-9.997-9.997-26.206 0-36.204l36.203-36.204c9.997-9.998 26.207-9.998 36.204 0L192 312.69 432.095 72.596c9.997-9.997 26.207-9.997 36.204 0l36.203 36.204c9.997 9.997 9.997 26.206 0 36.204l-294.4 294.401c-9.998 9.997-26.207 9.997-36.204-.001z\"><\/path><\/svg>\t\t\t\t\t\t<\/span>\n\t\t\t\t\t\t\t\t\t\t<span class=\"elementor-icon-list-text\">Company Profile<\/span>\n\t\t\t\t\t\t\t\t\t<\/li>\n\t\t\t\t\t\t\t\t<li class=\"elementor-icon-list-item\">\n\t\t\t\t\t\t\t\t\t\t\t<span class=\"elementor-icon-list-icon\">\n\t\t\t\t\t\t\t<svg aria-hidden=\"true\" class=\"e-font-icon-svg e-fas-check\" viewbox=\"0 0 512 512\" xmlns=\"http:\/\/www.w3.org\/2000\/svg\"><path d=\"M173.898 439.404l-166.4-166.4c-9.997-9.997-9.997-26.206 0-36.204l36.203-36.204c9.997-9.998 26.207-9.998 36.204 0L192 312.69 432.095 72.596c9.997-9.997 26.207-9.997 36.204 0l36.203 36.204c9.997 9.997 9.997 26.206 0 36.204l-294.4 294.401c-9.998 9.997-26.207 9.997-36.204-.001z\"><\/path><\/svg>\t\t\t\t\t\t<\/span>\n\t\t\t\t\t\t\t\t\t\t<span class=\"elementor-icon-list-text\">Business Cards<\/span>\n\t\t\t\t\t\t\t\t\t<\/li>\n\t\t\t\t\t\t<\/ul>\n\t\t\t\t\t\t<\/div>\n\t\t\t\t<\/div>\n\t\t\t\t<\/div>\n\t\t<div class=\"has_eae_slider elementor-element elementor-element-59ed7740 e-con-full e-flex e-con e-child\" data-eae-slider=\"42824\" data-id=\"59ed7740\" data-element_type=\"container\" data-e-type=\"container\">\n\t\t<div class=\"has_eae_slider elementor-element elementor-element-53429a58 e-flex e-con-boxed e-con e-child\" data-eae-slider=\"86912\" data-id=\"53429a58\" data-element_type=\"container\" data-e-type=\"container\" data-settings=\"{&quot;background_background&quot;:&quot;classic&quot;}\">\n\t\t\t\t\t<div class=\"e-con-inner\">\n\t\t\t\t<div class=\"elementor-element elementor-element-78e2c62a elementor-widget elementor-widget-spacer\" data-id=\"78e2c62a\" data-element_type=\"widget\" data-e-type=\"widget\" data-widget_type=\"spacer.default\">\n\t\t\t\t<div class=\"elementor-widget-container\">\n\t\t\t\t\t\t\t<div class=\"elementor-spacer\">\n\t\t\t<div class=\"elementor-spacer-inner\"><\/div>\n\t\t<\/div>\n\t\t\t\t\t\t<\/div>\n\t\t\t\t<\/div>\n\t\t\t\t\t<\/div>\n\t\t\t\t<\/div>\n\t\t\t\t<\/div>\n\t\t\t\t\t<\/div>\n\t\t\t\t<\/div>\n\t\t\t\t<\/div>","protected":false},"excerpt":{"rendered":"<p>Nova Digital Pensamos, planeamos, executamos e entregamos resultados al\u00e9m da\u00a0expectativa. Contamos com uma equipa de criativos apaixonados que se dedicam a capturar a ess\u00eancia \u00fanica da sua marca e transform\u00e1-la numa narrativa visual poderosa. Desde o desenvolvimento de conceitos de marca at\u00e9 \u00e0 cria\u00e7\u00e3o de elementos visuais coesos e memor\u00e1veis. Design de Logotipo Branding corporativo [&hellip;]<\/p>","protected":false},"author":1,"featured_media":0,"parent":0,"menu_order":0,"comment_status":"closed","ping_status":"closed","template":"elementor_header_footer","meta":{"footnotes":""},"class_list":["post-1062","page","type-page","status-publish","hentry"],"yoast_head":"<!-- This site is optimized with the Yoast SEO plugin v27.2 - https:\/\/yoast.com\/product\/yoast-seo-wordpress\/ -->\n<title>Branding - Nova Digital<\/title>\n<meta name=\"robots\" content=\"index, follow, max-snippet:-1, max-image-preview:large, max-video-preview:-1\" \/>\n<link rel=\"canonical\" href=\"https:\/\/novadigital.co.mz\/en\/branding\/\" \/>\n<meta property=\"og:locale\" content=\"en_US\" \/>\n<meta property=\"og:type\" content=\"article\" \/>\n<meta property=\"og:title\" content=\"Branding - Nova Digital\" \/>\n<meta property=\"og:description\" content=\"Nova Digital Pensamos, planeamos, executamos e entregamos resultados al\u00e9m da\u00a0expectativa. Contamos com uma equipa de criativos apaixonados que se dedicam a capturar a ess\u00eancia \u00fanica da sua marca e transform\u00e1-la numa narrativa visual poderosa. Desde o desenvolvimento de conceitos de marca at\u00e9 \u00e0 cria\u00e7\u00e3o de elementos visuais coesos e memor\u00e1veis. Design de Logotipo Branding corporativo [&hellip;]\" \/>\n<meta property=\"og:url\" content=\"https:\/\/novadigital.co.mz\/en\/branding\/\" \/>\n<meta property=\"og:site_name\" content=\"Nova Digital\" \/>\n<meta property=\"article:modified_time\" content=\"2024-06-12T06:52:28+00:00\" \/>\n<meta name=\"twitter:card\" content=\"summary_large_image\" \/>\n<script type=\"application\/ld+json\" class=\"yoast-schema-graph\">{\"@context\":\"https:\/\/schema.org\",\"@graph\":[{\"@type\":\"WebPage\",\"@id\":\"https:\/\/novadigital.co.mz\/branding\/\",\"url\":\"https:\/\/novadigital.co.mz\/branding\/\",\"name\":\"Branding - Nova Digital\",\"isPartOf\":{\"@id\":\"https:\/\/novadigital.co.mz\/#website\"},\"datePublished\":\"2024-06-06T16:43:34+00:00\",\"dateModified\":\"2024-06-12T06:52:28+00:00\",\"breadcrumb\":{\"@id\":\"https:\/\/novadigital.co.mz\/branding\/#breadcrumb\"},\"inLanguage\":\"en-US\",\"potentialAction\":[{\"@type\":\"ReadAction\",\"target\":[\"https:\/\/novadigital.co.mz\/branding\/\"]}]},{\"@type\":\"BreadcrumbList\",\"@id\":\"https:\/\/novadigital.co.mz\/branding\/#breadcrumb\",\"itemListElement\":[{\"@type\":\"ListItem\",\"position\":1,\"name\":\"Home\",\"item\":\"https:\/\/novadigital.co.mz\/\"},{\"@type\":\"ListItem\",\"position\":2,\"name\":\"Branding\"}]},{\"@type\":\"WebSite\",\"@id\":\"https:\/\/novadigital.co.mz\/#website\",\"url\":\"https:\/\/novadigital.co.mz\/\",\"name\":\"Nova Digital\",\"description\":\"CONNECTING BRANDS T O T H E W O R L D\",\"potentialAction\":[{\"@type\":\"SearchAction\",\"target\":{\"@type\":\"EntryPoint\",\"urlTemplate\":\"https:\/\/novadigital.co.mz\/?s={search_term_string}\"},\"query-input\":{\"@type\":\"PropertyValueSpecification\",\"valueRequired\":true,\"valueName\":\"search_term_string\"}}],\"inLanguage\":\"en-US\"}]}<\/script>\n<!-- \/ Yoast SEO plugin. -->","yoast_head_json":{"title":"Branding - Nova Digital","robots":{"index":"index","follow":"follow","max-snippet":"max-snippet:-1","max-image-preview":"max-image-preview:large","max-video-preview":"max-video-preview:-1"},"canonical":"https:\/\/novadigital.co.mz\/en\/branding\/","og_locale":"en_US","og_type":"article","og_title":"Branding - Nova Digital","og_description":"Nova Digital Pensamos, planeamos, executamos e entregamos resultados al\u00e9m da\u00a0expectativa. Contamos com uma equipa de criativos apaixonados que se dedicam a capturar a ess\u00eancia \u00fanica da sua marca e transform\u00e1-la numa narrativa visual poderosa. Desde o desenvolvimento de conceitos de marca at\u00e9 \u00e0 cria\u00e7\u00e3o de elementos visuais coesos e memor\u00e1veis. Design de Logotipo Branding corporativo [&hellip;]","og_url":"https:\/\/novadigital.co.mz\/en\/branding\/","og_site_name":"Nova Digital","article_modified_time":"2024-06-12T06:52:28+00:00","twitter_card":"summary_large_image","schema":{"@context":"https:\/\/schema.org","@graph":[{"@type":"WebPage","@id":"https:\/\/novadigital.co.mz\/branding\/","url":"https:\/\/novadigital.co.mz\/branding\/","name":"Branding - Nova Digital","isPartOf":{"@id":"https:\/\/novadigital.co.mz\/#website"},"datePublished":"2024-06-06T16:43:34+00:00","dateModified":"2024-06-12T06:52:28+00:00","breadcrumb":{"@id":"https:\/\/novadigital.co.mz\/branding\/#breadcrumb"},"inLanguage":"en-US","potentialAction":[{"@type":"ReadAction","target":["https:\/\/novadigital.co.mz\/branding\/"]}]},{"@type":"BreadcrumbList","@id":"https:\/\/novadigital.co.mz\/branding\/#breadcrumb","itemListElement":[{"@type":"ListItem","position":1,"name":"Home","item":"https:\/\/novadigital.co.mz\/"},{"@type":"ListItem","position":2,"name":"Branding"}]},{"@type":"WebSite","@id":"https:\/\/novadigital.co.mz\/#website","url":"https:\/\/novadigital.co.mz\/","name":"Nova Digital","description":"CONNECTING BRANDS T O T H E W O R L D","potentialAction":[{"@type":"SearchAction","target":{"@type":"EntryPoint","urlTemplate":"https:\/\/novadigital.co.mz\/?s={search_term_string}"},"query-input":{"@type":"PropertyValueSpecification","valueRequired":true,"valueName":"search_term_string"}}],"inLanguage":"en-US"}]}},"_links":{"self":[{"href":"https:\/\/novadigital.co.mz\/en\/wp-json\/wp\/v2\/pages\/1062","targetHints":{"allow":["GET"]}}],"collection":[{"href":"https:\/\/novadigital.co.mz\/en\/wp-json\/wp\/v2\/pages"}],"about":[{"href":"https:\/\/novadigital.co.mz\/en\/wp-json\/wp\/v2\/types\/page"}],"author":[{"embeddable":true,"href":"https:\/\/novadigital.co.mz\/en\/wp-json\/wp\/v2\/users\/1"}],"replies":[{"embeddable":true,"href":"https:\/\/novadigital.co.mz\/en\/wp-json\/wp\/v2\/comments?post=1062"}],"version-history":[{"count":0,"href":"https:\/\/novadigital.co.mz\/en\/wp-json\/wp\/v2\/pages\/1062\/revisions"}],"wp:attachment":[{"href":"https:\/\/novadigital.co.mz\/en\/wp-json\/wp\/v2\/media?parent=1062"}],"curies":[{"name":"wp","href":"https:\/\/api.w.org\/{rel}","templated":true}]}}