{"id":1070,"date":"2024-06-06T16:45:07","date_gmt":"2024-06-06T16:45:07","guid":{"rendered":"https:\/\/novadigital.co.mz\/?page_id=1070"},"modified":"2024-06-12T15:40:16","modified_gmt":"2024-06-12T15:40:16","slug":"audio-visual","status":"publish","type":"page","link":"https:\/\/novadigital.co.mz\/en\/audio-visual\/","title":{"rendered":"\u00c1udio Visual"},"content":{"rendered":"<div data-elementor-type=\"wp-page\" data-elementor-id=\"1070\" class=\"elementor elementor-1070\">\n\t\t\t\t<div class=\"has_eae_slider elementor-element elementor-element-5d132f6 e-flex e-con-boxed e-con e-parent\" data-eae-slider=\"21791\" data-id=\"5d132f6\" data-element_type=\"container\" data-e-type=\"container\" data-settings=\"{&quot;background_background&quot;:&quot;gradient&quot;}\">\n\t\t\t\t\t<div class=\"e-con-inner\">\n\t\t\t\t<div class=\"elementor-element elementor-element-3d9174a elementor-widget elementor-widget-zeus-advanced-heading\" data-id=\"3d9174a\" data-element_type=\"widget\" data-e-type=\"widget\" data-widget_type=\"zeus-advanced-heading.default\">\n\t\t\t\t<div class=\"elementor-widget-container\">\n\t\t\t\t\t\n\t\t<div class=\"zeus-advanced-heading\">\n\n\t\t\t\t\t\t\t<div class=\"zeus-background-heading zeus-hide-tm\">\n\t\t\t\t\t<div>Nova Digital<\/div>\n\t\t\t\t<\/div>\n\t\t\t\t\t\t\t\t<h2  class=\"zeus-main-heading\">\n\t\t\t\t\t<div>\n\t\t\t\t\t\tWe think, plan, execute and deliver results beyond expectations.\n\t\t\t\t\t\t\t\t\t\t\t\t\t\t<div class=\"zeus-line zeus-main-line zeus-line-align-bottom\"><\/div>\n\t\t\t\t\t\t\t\t\t\t\t\t\t<\/div>\n\t\t\t\t<\/h2>\n\t\t\t\t\n\t\t<\/div>\n\n\t\t\t\t\t\t<\/div>\n\t\t\t\t<\/div>\n\t\t\t\t\t<\/div>\n\t\t\t\t<\/div>\n\t\t<div class=\"has_eae_slider elementor-element elementor-element-ea7d731 e-flex e-con-boxed e-con e-parent\" data-eae-slider=\"36754\" data-id=\"ea7d731\" data-element_type=\"container\" data-e-type=\"container\" data-settings=\"{&quot;background_background&quot;:&quot;classic&quot;}\">\n\t\t\t\t\t<div class=\"e-con-inner\">\n\t\t<div class=\"has_eae_slider elementor-element elementor-element-b838c4d e-con-full e-flex e-con e-child\" data-eae-slider=\"24606\" data-id=\"b838c4d\" data-element_type=\"container\" data-e-type=\"container\">\n\t\t\t\t<div class=\"elementor-element elementor-element-accea34 elementor-widget elementor-widget-spacer\" data-id=\"accea34\" data-element_type=\"widget\" data-e-type=\"widget\" data-widget_type=\"spacer.default\">\n\t\t\t\t<div class=\"elementor-widget-container\">\n\t\t\t\t\t\t\t<div class=\"elementor-spacer\">\n\t\t\t<div class=\"elementor-spacer-inner\"><\/div>\n\t\t<\/div>\n\t\t\t\t\t\t<\/div>\n\t\t\t\t<\/div>\n\t\t\t\t<div class=\"elementor-element elementor-element-556cbcd elementor-widget elementor-widget-text-editor\" data-id=\"556cbcd\" data-element_type=\"widget\" data-e-type=\"widget\" data-widget_type=\"text-editor.default\">\n\t\t\t\t<div class=\"elementor-widget-container\">\n\t\t\t\t\t\t\t\t\t<p>With our creative and innovative approach, we create videos that inspire, move, and leave a lasting impression.<\/p>\t\t\t\t\t\t\t\t<\/div>\n\t\t\t\t<\/div>\n\t\t\t\t<div class=\"elementor-element elementor-element-4ceb997 elementor-widget elementor-widget-text-editor\" data-id=\"4ceb997\" data-element_type=\"widget\" data-e-type=\"widget\" data-widget_type=\"text-editor.default\">\n\t\t\t\t<div class=\"elementor-widget-container\">\n\t\t\t\t\t\t\t\t\t<p>Our talented team of photographers turns moments into lasting memories, with attention to detail and images that evoke, inspire, and captivate.<\/p>\t\t\t\t\t\t\t\t<\/div>\n\t\t\t\t<\/div>\n\t\t\t\t<div class=\"elementor-element elementor-element-df98bf5 elementor-icon-list--layout-traditional elementor-list-item-link-full_width elementor-widget elementor-widget-icon-list\" data-id=\"df98bf5\" data-element_type=\"widget\" data-e-type=\"widget\" data-widget_type=\"icon-list.default\">\n\t\t\t\t<div class=\"elementor-widget-container\">\n\t\t\t\t\t\t\t<ul class=\"elementor-icon-list-items\">\n\t\t\t\t\t\t\t<li class=\"elementor-icon-list-item\">\n\t\t\t\t\t\t\t\t\t\t\t<span class=\"elementor-icon-list-icon\">\n\t\t\t\t\t\t\t<svg aria-hidden=\"true\" class=\"e-font-icon-svg e-fas-check\" viewbox=\"0 0 512 512\" xmlns=\"http:\/\/www.w3.org\/2000\/svg\"><path d=\"M173.898 439.404l-166.4-166.4c-9.997-9.997-9.997-26.206 0-36.204l36.203-36.204c9.997-9.998 26.207-9.998 36.204 0L192 312.69 432.095 72.596c9.997-9.997 26.207-9.997 36.204 0l36.203 36.204c9.997 9.997 9.997 26.206 0 36.204l-294.4 294.401c-9.998 9.997-26.207 9.997-36.204-.001z\"><\/path><\/svg>\t\t\t\t\t\t<\/span>\n\t\t\t\t\t\t\t\t\t\t<span class=\"elementor-icon-list-text\">Product Photography<\/span>\n\t\t\t\t\t\t\t\t\t<\/li>\n\t\t\t\t\t\t\t\t<li class=\"elementor-icon-list-item\">\n\t\t\t\t\t\t\t\t\t\t\t<span class=\"elementor-icon-list-icon\">\n\t\t\t\t\t\t\t<svg aria-hidden=\"true\" class=\"e-font-icon-svg e-fas-check\" viewbox=\"0 0 512 512\" xmlns=\"http:\/\/www.w3.org\/2000\/svg\"><path d=\"M173.898 439.404l-166.4-166.4c-9.997-9.997-9.997-26.206 0-36.204l36.203-36.204c9.997-9.998 26.207-9.998 36.204 0L192 312.69 432.095 72.596c9.997-9.997 26.207-9.997 36.204 0l36.203 36.204c9.997 9.997 9.997 26.206 0 36.204l-294.4 294.401c-9.998 9.997-26.207 9.997-36.204-.001z\"><\/path><\/svg>\t\t\t\t\t\t<\/span>\n\t\t\t\t\t\t\t\t\t\t<span class=\"elementor-icon-list-text\">Meetings &amp; Events Photography<\/span>\n\t\t\t\t\t\t\t\t\t<\/li>\n\t\t\t\t\t\t\t\t<li class=\"elementor-icon-list-item\">\n\t\t\t\t\t\t\t\t\t\t\t<span class=\"elementor-icon-list-icon\">\n\t\t\t\t\t\t\t<svg aria-hidden=\"true\" class=\"e-font-icon-svg e-fas-check\" viewbox=\"0 0 512 512\" xmlns=\"http:\/\/www.w3.org\/2000\/svg\"><path d=\"M173.898 439.404l-166.4-166.4c-9.997-9.997-9.997-26.206 0-36.204l36.203-36.204c9.997-9.998 26.207-9.998 36.204 0L192 312.69 432.095 72.596c9.997-9.997 26.207-9.997 36.204 0l36.203 36.204c9.997 9.997 9.997 26.206 0 36.204l-294.4 294.401c-9.998 9.997-26.207 9.997-36.204-.001z\"><\/path><\/svg>\t\t\t\t\t\t<\/span>\n\t\t\t\t\t\t\t\t\t\t<span class=\"elementor-icon-list-text\">Corporate Photography<\/span>\n\t\t\t\t\t\t\t\t\t<\/li>\n\t\t\t\t\t\t\t\t<li class=\"elementor-icon-list-item\">\n\t\t\t\t\t\t\t\t\t\t\t<span class=\"elementor-icon-list-icon\">\n\t\t\t\t\t\t\t<svg aria-hidden=\"true\" class=\"e-font-icon-svg e-fas-check\" viewbox=\"0 0 512 512\" xmlns=\"http:\/\/www.w3.org\/2000\/svg\"><path d=\"M173.898 439.404l-166.4-166.4c-9.997-9.997-9.997-26.206 0-36.204l36.203-36.204c9.997-9.998 26.207-9.998 36.204 0L192 312.69 432.095 72.596c9.997-9.997 26.207-9.997 36.204 0l36.203 36.204c9.997 9.997 9.997 26.206 0 36.204l-294.4 294.401c-9.998 9.997-26.207 9.997-36.204-.001z\"><\/path><\/svg>\t\t\t\t\t\t<\/span>\n\t\t\t\t\t\t\t\t\t\t<span class=\"elementor-icon-list-text\">Real Estate Photography<\/span>\n\t\t\t\t\t\t\t\t\t<\/li>\n\t\t\t\t\t\t\t\t<li class=\"elementor-icon-list-item\">\n\t\t\t\t\t\t\t\t\t\t\t<span class=\"elementor-icon-list-icon\">\n\t\t\t\t\t\t\t<svg aria-hidden=\"true\" class=\"e-font-icon-svg e-fas-check\" viewbox=\"0 0 512 512\" xmlns=\"http:\/\/www.w3.org\/2000\/svg\"><path d=\"M173.898 439.404l-166.4-166.4c-9.997-9.997-9.997-26.206 0-36.204l36.203-36.204c9.997-9.998 26.207-9.998 36.204 0L192 312.69 432.095 72.596c9.997-9.997 26.207-9.997 36.204 0l36.203 36.204c9.997 9.997 9.997 26.206 0 36.204l-294.4 294.401c-9.998 9.997-26.207 9.997-36.204-.001z\"><\/path><\/svg>\t\t\t\t\t\t<\/span>\n\t\t\t\t\t\t\t\t\t\t<span class=\"elementor-icon-list-text\">Institutional Videos<\/span>\n\t\t\t\t\t\t\t\t\t<\/li>\n\t\t\t\t\t\t\t\t<li class=\"elementor-icon-list-item\">\n\t\t\t\t\t\t\t\t\t\t\t<span class=\"elementor-icon-list-icon\">\n\t\t\t\t\t\t\t<svg aria-hidden=\"true\" class=\"e-font-icon-svg e-fas-check\" viewbox=\"0 0 512 512\" xmlns=\"http:\/\/www.w3.org\/2000\/svg\"><path d=\"M173.898 439.404l-166.4-166.4c-9.997-9.997-9.997-26.206 0-36.204l36.203-36.204c9.997-9.998 26.207-9.998 36.204 0L192 312.69 432.095 72.596c9.997-9.997 26.207-9.997 36.204 0l36.203 36.204c9.997 9.997 9.997 26.206 0 36.204l-294.4 294.401c-9.998 9.997-26.207 9.997-36.204-.001z\"><\/path><\/svg>\t\t\t\t\t\t<\/span>\n\t\t\t\t\t\t\t\t\t\t<span class=\"elementor-icon-list-text\">Advertising Videos<\/span>\n\t\t\t\t\t\t\t\t\t<\/li>\n\t\t\t\t\t\t\t\t<li class=\"elementor-icon-list-item\">\n\t\t\t\t\t\t\t\t\t\t\t<span class=\"elementor-icon-list-icon\">\n\t\t\t\t\t\t\t<svg aria-hidden=\"true\" class=\"e-font-icon-svg e-fas-check\" viewbox=\"0 0 512 512\" xmlns=\"http:\/\/www.w3.org\/2000\/svg\"><path d=\"M173.898 439.404l-166.4-166.4c-9.997-9.997-9.997-26.206 0-36.204l36.203-36.204c9.997-9.998 26.207-9.998 36.204 0L192 312.69 432.095 72.596c9.997-9.997 26.207-9.997 36.204 0l36.203 36.204c9.997 9.997 9.997 26.206 0 36.204l-294.4 294.401c-9.998 9.997-26.207 9.997-36.204-.001z\"><\/path><\/svg>\t\t\t\t\t\t<\/span>\n\t\t\t\t\t\t\t\t\t\t<span class=\"elementor-icon-list-text\">Documentaries<\/span>\n\t\t\t\t\t\t\t\t\t<\/li>\n\t\t\t\t\t\t\t\t<li class=\"elementor-icon-list-item\">\n\t\t\t\t\t\t\t\t\t\t\t<span class=\"elementor-icon-list-icon\">\n\t\t\t\t\t\t\t<svg aria-hidden=\"true\" class=\"e-font-icon-svg e-fas-check\" viewbox=\"0 0 512 512\" xmlns=\"http:\/\/www.w3.org\/2000\/svg\"><path d=\"M173.898 439.404l-166.4-166.4c-9.997-9.997-9.997-26.206 0-36.204l36.203-36.204c9.997-9.998 26.207-9.998 36.204 0L192 312.69 432.095 72.596c9.997-9.997 26.207-9.997 36.204 0l36.203 36.204c9.997 9.997 9.997 26.206 0 36.204l-294.4 294.401c-9.998 9.997-26.207 9.997-36.204-.001z\"><\/path><\/svg>\t\t\t\t\t\t<\/span>\n\t\t\t\t\t\t\t\t\t\t<span class=\"elementor-icon-list-text\">Anima\u00e7\u00e3o 2D &amp; 3D<\/span>\n\t\t\t\t\t\t\t\t\t<\/li>\n\t\t\t\t\t\t<\/ul>\n\t\t\t\t\t\t<\/div>\n\t\t\t\t<\/div>\n\t\t\t\t<\/div>\n\t\t<div class=\"has_eae_slider elementor-element elementor-element-e907dae e-con-full e-flex e-con e-child\" data-eae-slider=\"28597\" data-id=\"e907dae\" data-element_type=\"container\" data-e-type=\"container\">\n\t\t\t\t<div class=\"elementor-element elementor-element-a4c1974 elementor-widget elementor-widget-spacer\" data-id=\"a4c1974\" data-element_type=\"widget\" data-e-type=\"widget\" data-widget_type=\"spacer.default\">\n\t\t\t\t<div class=\"elementor-widget-container\">\n\t\t\t\t\t\t\t<div class=\"elementor-spacer\">\n\t\t\t<div class=\"elementor-spacer-inner\"><\/div>\n\t\t<\/div>\n\t\t\t\t\t\t<\/div>\n\t\t\t\t<\/div>\n\t\t\t\t<div class=\"elementor-element elementor-element-4b77dac elementor-widget elementor-widget-video\" data-id=\"4b77dac\" data-element_type=\"widget\" data-e-type=\"widget\" data-settings=\"{&quot;youtube_url&quot;:&quot;https:\\\/\\\/youtu.be\\\/5RLr8AaMkS0&quot;,&quot;autoplay&quot;:&quot;yes&quot;,&quot;play_on_mobile&quot;:&quot;yes&quot;,&quot;mute&quot;:&quot;yes&quot;,&quot;loop&quot;:&quot;yes&quot;,&quot;video_type&quot;:&quot;youtube&quot;,&quot;controls&quot;:&quot;yes&quot;}\" data-widget_type=\"video.default\">\n\t\t\t\t<div class=\"elementor-widget-container\">\n\t\t\t\t\t\t\t<div class=\"elementor-wrapper elementor-open-inline\">\n\t\t\t<div class=\"elementor-video\"><\/div>\t\t<\/div>\n\t\t\t\t\t\t<\/div>\n\t\t\t\t<\/div>\n\t\t\t\t<\/div>\n\t\t\t\t\t<\/div>\n\t\t\t\t<\/div>\n\t\t<div class=\"has_eae_slider elementor-element elementor-element-95ba35d e-flex e-con-boxed e-con e-parent\" data-eae-slider=\"91806\" data-id=\"95ba35d\" data-element_type=\"container\" data-e-type=\"container\" data-settings=\"{&quot;background_background&quot;:&quot;classic&quot;}\">\n\t\t\t\t\t<div class=\"e-con-inner\">\n\t\t\t\t<div class=\"elementor-element elementor-element-9111023 gallery-spacing-custom elementor-widget elementor-widget-image-gallery\" data-id=\"9111023\" data-element_type=\"widget\" data-e-type=\"widget\" data-widget_type=\"image-gallery.default\">\n\t\t\t\t<div class=\"elementor-widget-container\">\n\t\t\t\t\t\t\t<div class=\"elementor-image-gallery\">\n\t\t\t<div id='gallery-1' class='gallery galleryid-1070 gallery-columns-3 gallery-size-full'><figure class='gallery-item'>\n\t\t\t<div class='gallery-icon landscape'>\n\t\t\t\t<a data-elementor-open-lightbox=\"yes\" data-elementor-lightbox-slideshow=\"9111023\" data-elementor-lightbox-title=\"IMG_0862\" data-e-action-hash=\"#elementor-action%3Aaction%3Dlightbox%26settings%3DeyJpZCI6NTg4LCJ1cmwiOiJodHRwczpcL1wvbm92YWRpZ2l0YWwuY28ubXpcL3dwLWNvbnRlbnRcL3VwbG9hZHNcLzIwMjRcLzA2XC9JTUdfMDg2Mi1zY2FsZWQuanBnIiwic2xpZGVzaG93IjoiOTExMTAyMyJ9\" href='https:\/\/novadigital.co.mz\/wp-content\/uploads\/2024\/06\/IMG_0862-scaled.jpg'><img fetchpriority=\"high\" decoding=\"async\" width=\"2560\" height=\"1707\" src=\"https:\/\/novadigital.co.mz\/wp-content\/uploads\/2024\/06\/IMG_0862-scaled.jpg\" class=\"attachment-full size-full\" alt=\"\" srcset=\"https:\/\/novadigital.co.mz\/wp-content\/uploads\/2024\/06\/IMG_0862-scaled.jpg 2560w, https:\/\/novadigital.co.mz\/wp-content\/uploads\/2024\/06\/IMG_0862-300x200.jpg 300w, https:\/\/novadigital.co.mz\/wp-content\/uploads\/2024\/06\/IMG_0862-1024x683.jpg 1024w, https:\/\/novadigital.co.mz\/wp-content\/uploads\/2024\/06\/IMG_0862-768x512.jpg 768w, https:\/\/novadigital.co.mz\/wp-content\/uploads\/2024\/06\/IMG_0862-1536x1024.jpg 1536w\" sizes=\"(max-width: 2560px) 100vw, 2560px\" \/><\/a>\n\t\t\t<\/div><\/figure><figure class='gallery-item'>\n\t\t\t<div class='gallery-icon portrait'>\n\t\t\t\t<a data-elementor-open-lightbox=\"yes\" data-elementor-lightbox-slideshow=\"9111023\" data-elementor-lightbox-title=\"0S6A5539\" data-e-action-hash=\"#elementor-action%3Aaction%3Dlightbox%26settings%3DeyJpZCI6MzIwLCJ1cmwiOiJodHRwczpcL1wvbm92YWRpZ2l0YWwuY28ubXpcL3dwLWNvbnRlbnRcL3VwbG9hZHNcLzIwMjRcLzA1XC8wUzZBNTUzOS1zY2FsZWQuanBnIiwic2xpZGVzaG93IjoiOTExMTAyMyJ9\" href='https:\/\/novadigital.co.mz\/wp-content\/uploads\/2024\/05\/0S6A5539-scaled.jpg'><img decoding=\"async\" width=\"1707\" height=\"2560\" src=\"https:\/\/novadigital.co.mz\/wp-content\/uploads\/2024\/05\/0S6A5539-scaled.jpg\" class=\"attachment-full size-full\" alt=\"\" srcset=\"https:\/\/novadigital.co.mz\/wp-content\/uploads\/2024\/05\/0S6A5539-scaled.jpg 1707w, https:\/\/novadigital.co.mz\/wp-content\/uploads\/2024\/05\/0S6A5539-200x300.jpg 200w, https:\/\/novadigital.co.mz\/wp-content\/uploads\/2024\/05\/0S6A5539-683x1024.jpg 683w, https:\/\/novadigital.co.mz\/wp-content\/uploads\/2024\/05\/0S6A5539-768x1152.jpg 768w, https:\/\/novadigital.co.mz\/wp-content\/uploads\/2024\/05\/0S6A5539-1024x1536.jpg 1024w, https:\/\/novadigital.co.mz\/wp-content\/uploads\/2024\/05\/0S6A5539-1365x2048.jpg 1365w\" sizes=\"(max-width: 1707px) 100vw, 1707px\" \/><\/a>\n\t\t\t<\/div><\/figure><figure class='gallery-item'>\n\t\t\t<div class='gallery-icon landscape'>\n\t\t\t\t<a data-elementor-open-lightbox=\"yes\" data-elementor-lightbox-slideshow=\"9111023\" data-elementor-lightbox-title=\"8D4A28503\" data-e-action-hash=\"#elementor-action%3Aaction%3Dlightbox%26settings%3DeyJpZCI6ODIxLCJ1cmwiOiJodHRwczpcL1wvbm92YWRpZ2l0YWwuY28ubXpcL3dwLWNvbnRlbnRcL3VwbG9hZHNcLzIwMjRcLzA2XC84RDRBMjg1MDMuanBnIiwic2xpZGVzaG93IjoiOTExMTAyMyJ9\" href='https:\/\/novadigital.co.mz\/wp-content\/uploads\/2024\/06\/8D4A28503.jpg'><img decoding=\"async\" width=\"1080\" height=\"1080\" src=\"https:\/\/novadigital.co.mz\/wp-content\/uploads\/2024\/06\/8D4A28503.jpg\" class=\"attachment-full size-full\" alt=\"\" srcset=\"https:\/\/novadigital.co.mz\/wp-content\/uploads\/2024\/06\/8D4A28503.jpg 1080w, https:\/\/novadigital.co.mz\/wp-content\/uploads\/2024\/06\/8D4A28503-300x300.jpg 300w, https:\/\/novadigital.co.mz\/wp-content\/uploads\/2024\/06\/8D4A28503-1024x1024.jpg 1024w, https:\/\/novadigital.co.mz\/wp-content\/uploads\/2024\/06\/8D4A28503-150x150.jpg 150w, https:\/\/novadigital.co.mz\/wp-content\/uploads\/2024\/06\/8D4A28503-768x768.jpg 768w\" sizes=\"(max-width: 1080px) 100vw, 1080px\" \/><\/a>\n\t\t\t<\/div><\/figure>\n\t\t<\/div>\n\t\t<\/div>\n\t\t\t\t\t\t<\/div>\n\t\t\t\t<\/div>\n\t\t\t\t<div class=\"elementor-element elementor-element-6635899 elementor-widget elementor-widget-spacer\" data-id=\"6635899\" data-element_type=\"widget\" data-e-type=\"widget\" data-widget_type=\"spacer.default\">\n\t\t\t\t<div class=\"elementor-widget-container\">\n\t\t\t\t\t\t\t<div class=\"elementor-spacer\">\n\t\t\t<div class=\"elementor-spacer-inner\"><\/div>\n\t\t<\/div>\n\t\t\t\t\t\t<\/div>\n\t\t\t\t<\/div>\n\t\t\t\t\t<\/div>\n\t\t\t\t<\/div>\n\t\t\t\t<\/div>","protected":false},"excerpt":{"rendered":"<p>Nova Digital Pensamos, planeamos, executamos e entregamos resultados al\u00e9m da\u00a0expectativa. Com nossa abordagem criativa e inovadora, criamos v\u00eddeos que inspiram, emocionam e deixam uma marca duradoura. Nossa equipe de fot\u00f3grafos talentosos transforma momentos em lembran\u00e7as duradouras, com aten\u00e7\u00e3o aos detalhes e imagens que emocionam, inspiram e cativam. Fotografia de Produtos Fotografia de Reuni\u00f5es e Eventos [&hellip;]<\/p>","protected":false},"author":1,"featured_media":0,"parent":0,"menu_order":0,"comment_status":"closed","ping_status":"closed","template":"elementor_header_footer","meta":{"footnotes":""},"class_list":["post-1070","page","type-page","status-publish","hentry"],"yoast_head":"<!-- This site is optimized with the Yoast SEO plugin v27.2 - https:\/\/yoast.com\/product\/yoast-seo-wordpress\/ -->\n<title>\u00c1udio Visual - Nova Digital<\/title>\n<meta name=\"robots\" content=\"index, follow, max-snippet:-1, max-image-preview:large, max-video-preview:-1\" \/>\n<link rel=\"canonical\" href=\"https:\/\/novadigital.co.mz\/en\/audio-visual\/\" \/>\n<meta property=\"og:locale\" content=\"en_US\" \/>\n<meta property=\"og:type\" content=\"article\" \/>\n<meta property=\"og:title\" content=\"\u00c1udio Visual - Nova Digital\" \/>\n<meta property=\"og:description\" content=\"Nova Digital Pensamos, planeamos, executamos e entregamos resultados al\u00e9m da\u00a0expectativa. Com nossa abordagem criativa e inovadora, criamos v\u00eddeos que inspiram, emocionam e deixam uma marca duradoura. Nossa equipe de fot\u00f3grafos talentosos transforma momentos em lembran\u00e7as duradouras, com aten\u00e7\u00e3o aos detalhes e imagens que emocionam, inspiram e cativam. Fotografia de Produtos Fotografia de Reuni\u00f5es e Eventos [&hellip;]\" \/>\n<meta property=\"og:url\" content=\"https:\/\/novadigital.co.mz\/en\/audio-visual\/\" \/>\n<meta property=\"og:site_name\" content=\"Nova Digital\" \/>\n<meta property=\"article:modified_time\" content=\"2024-06-12T15:40:16+00:00\" \/>\n<meta property=\"og:image\" content=\"https:\/\/novadigital.co.mz\/wp-content\/uploads\/2024\/05\/0S6A5539-scaled.jpg\" \/>\n<meta name=\"twitter:card\" content=\"summary_large_image\" \/>\n<script type=\"application\/ld+json\" class=\"yoast-schema-graph\">{\"@context\":\"https:\/\/schema.org\",\"@graph\":[{\"@type\":\"WebPage\",\"@id\":\"https:\/\/novadigital.co.mz\/audio-visual\/\",\"url\":\"https:\/\/novadigital.co.mz\/audio-visual\/\",\"name\":\"\u00c1udio Visual - Nova Digital\",\"isPartOf\":{\"@id\":\"https:\/\/novadigital.co.mz\/#website\"},\"primaryImageOfPage\":{\"@id\":\"https:\/\/novadigital.co.mz\/audio-visual\/#primaryimage\"},\"image\":{\"@id\":\"https:\/\/novadigital.co.mz\/audio-visual\/#primaryimage\"},\"thumbnailUrl\":\"https:\/\/novadigital.co.mz\/wp-content\/uploads\/2024\/05\/0S6A5539-scaled.jpg\",\"datePublished\":\"2024-06-06T16:45:07+00:00\",\"dateModified\":\"2024-06-12T15:40:16+00:00\",\"breadcrumb\":{\"@id\":\"https:\/\/novadigital.co.mz\/audio-visual\/#breadcrumb\"},\"inLanguage\":\"en-US\",\"potentialAction\":[{\"@type\":\"ReadAction\",\"target\":[\"https:\/\/novadigital.co.mz\/audio-visual\/\"]}]},{\"@type\":\"ImageObject\",\"inLanguage\":\"en-US\",\"@id\":\"https:\/\/novadigital.co.mz\/audio-visual\/#primaryimage\",\"url\":\"https:\/\/novadigital.co.mz\/wp-content\/uploads\/2024\/05\/0S6A5539-scaled.jpg\",\"contentUrl\":\"https:\/\/novadigital.co.mz\/wp-content\/uploads\/2024\/05\/0S6A5539-scaled.jpg\"},{\"@type\":\"BreadcrumbList\",\"@id\":\"https:\/\/novadigital.co.mz\/audio-visual\/#breadcrumb\",\"itemListElement\":[{\"@type\":\"ListItem\",\"position\":1,\"name\":\"Home\",\"item\":\"https:\/\/novadigital.co.mz\/\"},{\"@type\":\"ListItem\",\"position\":2,\"name\":\"\u00c1udio Visual\"}]},{\"@type\":\"WebSite\",\"@id\":\"https:\/\/novadigital.co.mz\/#website\",\"url\":\"https:\/\/novadigital.co.mz\/\",\"name\":\"Nova Digital\",\"description\":\"CONNECTING BRANDS T O T H E W O R L D\",\"potentialAction\":[{\"@type\":\"SearchAction\",\"target\":{\"@type\":\"EntryPoint\",\"urlTemplate\":\"https:\/\/novadigital.co.mz\/?s={search_term_string}\"},\"query-input\":{\"@type\":\"PropertyValueSpecification\",\"valueRequired\":true,\"valueName\":\"search_term_string\"}}],\"inLanguage\":\"en-US\"}]}<\/script>\n<!-- \/ Yoast SEO plugin. -->","yoast_head_json":{"title":"\u00c1udio Visual - Nova Digital","robots":{"index":"index","follow":"follow","max-snippet":"max-snippet:-1","max-image-preview":"max-image-preview:large","max-video-preview":"max-video-preview:-1"},"canonical":"https:\/\/novadigital.co.mz\/en\/audio-visual\/","og_locale":"en_US","og_type":"article","og_title":"\u00c1udio Visual - Nova Digital","og_description":"Nova Digital Pensamos, planeamos, executamos e entregamos resultados al\u00e9m da\u00a0expectativa. Com nossa abordagem criativa e inovadora, criamos v\u00eddeos que inspiram, emocionam e deixam uma marca duradoura. Nossa equipe de fot\u00f3grafos talentosos transforma momentos em lembran\u00e7as duradouras, com aten\u00e7\u00e3o aos detalhes e imagens que emocionam, inspiram e cativam. Fotografia de Produtos Fotografia de Reuni\u00f5es e Eventos [&hellip;]","og_url":"https:\/\/novadigital.co.mz\/en\/audio-visual\/","og_site_name":"Nova Digital","article_modified_time":"2024-06-12T15:40:16+00:00","og_image":[{"url":"https:\/\/novadigital.co.mz\/wp-content\/uploads\/2024\/05\/0S6A5539-scaled.jpg","type":"","width":"","height":""}],"twitter_card":"summary_large_image","schema":{"@context":"https:\/\/schema.org","@graph":[{"@type":"WebPage","@id":"https:\/\/novadigital.co.mz\/audio-visual\/","url":"https:\/\/novadigital.co.mz\/audio-visual\/","name":"\u00c1udio Visual - Nova Digital","isPartOf":{"@id":"https:\/\/novadigital.co.mz\/#website"},"primaryImageOfPage":{"@id":"https:\/\/novadigital.co.mz\/audio-visual\/#primaryimage"},"image":{"@id":"https:\/\/novadigital.co.mz\/audio-visual\/#primaryimage"},"thumbnailUrl":"https:\/\/novadigital.co.mz\/wp-content\/uploads\/2024\/05\/0S6A5539-scaled.jpg","datePublished":"2024-06-06T16:45:07+00:00","dateModified":"2024-06-12T15:40:16+00:00","breadcrumb":{"@id":"https:\/\/novadigital.co.mz\/audio-visual\/#breadcrumb"},"inLanguage":"en-US","potentialAction":[{"@type":"ReadAction","target":["https:\/\/novadigital.co.mz\/audio-visual\/"]}]},{"@type":"ImageObject","inLanguage":"en-US","@id":"https:\/\/novadigital.co.mz\/audio-visual\/#primaryimage","url":"https:\/\/novadigital.co.mz\/wp-content\/uploads\/2024\/05\/0S6A5539-scaled.jpg","contentUrl":"https:\/\/novadigital.co.mz\/wp-content\/uploads\/2024\/05\/0S6A5539-scaled.jpg"},{"@type":"BreadcrumbList","@id":"https:\/\/novadigital.co.mz\/audio-visual\/#breadcrumb","itemListElement":[{"@type":"ListItem","position":1,"name":"Home","item":"https:\/\/novadigital.co.mz\/"},{"@type":"ListItem","position":2,"name":"\u00c1udio Visual"}]},{"@type":"WebSite","@id":"https:\/\/novadigital.co.mz\/#website","url":"https:\/\/novadigital.co.mz\/","name":"Nova Digital","description":"CONNECTING BRANDS T O T H E W O R L D","potentialAction":[{"@type":"SearchAction","target":{"@type":"EntryPoint","urlTemplate":"https:\/\/novadigital.co.mz\/?s={search_term_string}"},"query-input":{"@type":"PropertyValueSpecification","valueRequired":true,"valueName":"search_term_string"}}],"inLanguage":"en-US"}]}},"_links":{"self":[{"href":"https:\/\/novadigital.co.mz\/en\/wp-json\/wp\/v2\/pages\/1070","targetHints":{"allow":["GET"]}}],"collection":[{"href":"https:\/\/novadigital.co.mz\/en\/wp-json\/wp\/v2\/pages"}],"about":[{"href":"https:\/\/novadigital.co.mz\/en\/wp-json\/wp\/v2\/types\/page"}],"author":[{"embeddable":true,"href":"https:\/\/novadigital.co.mz\/en\/wp-json\/wp\/v2\/users\/1"}],"replies":[{"embeddable":true,"href":"https:\/\/novadigital.co.mz\/en\/wp-json\/wp\/v2\/comments?post=1070"}],"version-history":[{"count":0,"href":"https:\/\/novadigital.co.mz\/en\/wp-json\/wp\/v2\/pages\/1070\/revisions"}],"wp:attachment":[{"href":"https:\/\/novadigital.co.mz\/en\/wp-json\/wp\/v2\/media?parent=1070"}],"curies":[{"name":"wp","href":"https:\/\/api.w.org\/{rel}","templated":true}]}}