{"id":446,"date":"2024-06-03T10:11:54","date_gmt":"2024-06-03T10:11:54","guid":{"rendered":"https:\/\/novadigital.co.mz\/?page_id=446"},"modified":"2024-06-12T14:14:00","modified_gmt":"2024-06-12T14:14:00","slug":"sobre-nos","status":"publish","type":"page","link":"https:\/\/novadigital.co.mz\/en\/sobre-nos\/","title":{"rendered":"About us"},"content":{"rendered":"<div data-elementor-type=\"wp-page\" data-elementor-id=\"446\" class=\"elementor elementor-446\">\n\t\t\t\t<div class=\"has_eae_slider elementor-element elementor-element-28619ad e-flex e-con-boxed e-con e-parent\" data-eae-slider=\"62195\" data-id=\"28619ad\" data-element_type=\"container\" data-e-type=\"container\" data-settings=\"{&quot;background_background&quot;:&quot;classic&quot;}\">\n\t\t\t\t\t<div class=\"e-con-inner\">\n\t\t\t\t<div class=\"elementor-element elementor-element-6ada790 elementor-widget elementor-widget-wts-AnimatedText\" data-id=\"6ada790\" data-element_type=\"widget\" data-e-type=\"widget\" data-widget_type=\"wts-AnimatedText.default\">\n\t\t\t\t<div class=\"elementor-widget-container\">\n\t\t\t\t\t\t\t\t<div id=\"eae-at-6ada790\" class=\"eae-animtext-wrapper\">\n\t\t\t\t<div class=\"eae-at-animation type letters\">\n\t\t\t\t\t<span class=\"eae-at-pre-text\">Marketing <\/span>\n\t\t\t\t\t\t\t\t\t\t\t\t\t<span class=\"eae-at-animation-text-wrapper waiting\">\n\t\t\t\t\t\t\t\t\n\t\t\t\t\t\t\t\t\t<span class=\"eae-at-animation-text\">for Business<\/span>\n\n\t\t\t\t\t\t\t\t\t\n\t\t\t\t\t\t\t\t\t<span class=\"eae-at-animation-text\">Digital<\/span>\n\n\t\t\t\t\t\t\t\t\t\n\t\t\t\t\t\t\t\t\t<span class=\"eae-at-animation-text\">for Branding <\/span>\n\n\t\t\t\t\t\t\t\t\t\t\t\t\t\t\t\t<\/span>\n\t\t\t\t\t\t\t\t\t\t\t\t<span class=\"eae-at-post-text\"><\/span>\n\t\t\t\t<\/div>\n\t\t\t<\/div>\n\t\t\t<script>\n\t\t\t\tjQuery(document).trigger('elementor\/render\/animation-text',\"#eae-at-6ada790\");\n\n\t\t\t\tjQuery(document).ready(function(){\n\t\t\t\t\tjQuery(document).trigger('elementor\/render\/animation-text',\"#eae-at-6ada790\");\n\t\t\t\t});\n\t\t\t<\/script>\n\t\t\t\t\t\t<\/div>\n\t\t\t\t<\/div>\n\t\t\t\t\t<\/div>\n\t\t\t\t<\/div>\n\t\t<div class=\"has_eae_slider elementor-element elementor-element-df5e8dd e-flex e-con-boxed e-con e-parent\" data-eae-slider=\"61916\" data-id=\"df5e8dd\" data-element_type=\"container\" data-e-type=\"container\">\n\t\t\t\t\t<div class=\"e-con-inner\">\n\t\t<div class=\"has_eae_slider elementor-element elementor-element-7987e06 e-flex e-con-boxed e-con e-child\" data-eae-slider=\"23154\" data-id=\"7987e06\" data-element_type=\"container\" data-e-type=\"container\">\n\t\t\t\t\t<div class=\"e-con-inner\">\n\t\t\t\t<div class=\"elementor-element elementor-element-c5aee6f elementor-widget__width-initial elementor-align-center elementor-widget elementor-widget-zeus-advanced-heading\" data-id=\"c5aee6f\" data-element_type=\"widget\" data-e-type=\"widget\" data-widget_type=\"zeus-advanced-heading.default\">\n\t\t\t\t<div class=\"elementor-widget-container\">\n\t\t\t\t\t\n\t\t<div class=\"zeus-advanced-heading\">\n\n\t\t\t\t\t\t\t<div class=\"zeus-background-heading zeus-hide-tm\">\n\t\t\t\t\t<div>POR QUE A NOVA DIGITAL<\/div>\n\t\t\t\t<\/div>\n\t\t\t\t\t\t\t\t<h2  class=\"zeus-main-heading\">\n\t\t\t\t\t<div>\n\t\t\t\t\t\tWHY THE   <font color=\"#0085e7\"> NOVA DIGITAL<\/font>\n\t\t\t\t\t\t\t\t\t\t\t<\/div>\n\t\t\t\t<\/h2>\n\t\t\t\t\n\t\t<\/div>\n\n\t\t\t\t\t\t<\/div>\n\t\t\t\t<\/div>\n\t\t\t\t<div class=\"elementor-element elementor-element-b0adf5d elementor-widget__width-initial elementor-widget elementor-widget-text-editor\" data-id=\"b0adf5d\" data-element_type=\"widget\" data-e-type=\"widget\" data-widget_type=\"text-editor.default\">\n\t\t\t\t<div class=\"elementor-widget-container\">\n\t\t\t\t\t\t\t\t\t<p>At Nova Digital Agency, we are committed to exceeding your expectations, not just meeting them. Join us as we embark on this exciting journey towards digital success. Your vision is our mission - let's make it a reality together.<\/p>\t\t\t\t\t\t\t\t<\/div>\n\t\t\t\t<\/div>\n\t\t\t\t\t<\/div>\n\t\t\t\t<\/div>\n\t\t\t\t\t<\/div>\n\t\t\t\t<\/div>\n\t\t<div class=\"has_eae_slider elementor-element elementor-element-cfaed7a e-flex e-con-boxed elementor-invisible e-con e-parent\" data-eae-slider=\"7701\" data-id=\"cfaed7a\" data-element_type=\"container\" data-e-type=\"container\" data-settings=\"{&quot;animation&quot;:&quot;fadeInUp&quot;}\">\n\t\t\t\t\t<div class=\"e-con-inner\">\n\t\t<div class=\"has_eae_slider elementor-element elementor-element-ee1a8b2 e-flex e-con-boxed e-con e-child\" data-eae-slider=\"47115\" data-id=\"ee1a8b2\" data-element_type=\"container\" data-e-type=\"container\">\n\t\t\t\t\t<div class=\"e-con-inner\">\n\t\t\t\t<div class=\"elementor-element elementor-element-fc54401 elementor-view-default elementor-position-block-start elementor-mobile-position-block-start elementor-widget elementor-widget-icon-box\" data-id=\"fc54401\" data-element_type=\"widget\" data-e-type=\"widget\" data-widget_type=\"icon-box.default\">\n\t\t\t\t<div class=\"elementor-widget-container\">\n\t\t\t\t\t\t\t<div class=\"elementor-icon-box-wrapper\">\n\n\t\t\t\t\t\t<div class=\"elementor-icon-box-icon\">\n\t\t\t\t<span  class=\"elementor-icon\">\n\t\t\t\t<i aria-hidden=\"true\" class=\"hm hm-target-arrow\"><\/i>\t\t\t\t<\/span>\n\t\t\t<\/div>\n\t\t\t\n\t\t\t\t\t\t<div class=\"elementor-icon-box-content\">\n\n\t\t\t\t\t\t\t\t\t<h3 class=\"elementor-icon-box-title\">\n\t\t\t\t\t\t<span  >\n\t\t\t\t\t\t\tMISSION\t\t\t\t\t\t<\/span>\n\t\t\t\t\t<\/h3>\n\t\t\t\t\n\t\t\t\t\t\t\t\t\t<p class=\"elementor-icon-box-description\">\n\t\t\t\t\t\tWe aim to elevate brands through innovative and personalized strategies, driving our clients' success with creative solutions that highlight their unique identities and connect them significantly with their target audience.\t\t\t\t\t<\/p>\n\t\t\t\t\n\t\t\t<\/div>\n\t\t\t\n\t\t<\/div>\n\t\t\t\t\t\t<\/div>\n\t\t\t\t<\/div>\n\t\t\t\t\t<\/div>\n\t\t\t\t<\/div>\n\t\t<div class=\"has_eae_slider elementor-element elementor-element-7e41a74 e-flex e-con-boxed e-con e-child\" data-eae-slider=\"55760\" data-id=\"7e41a74\" data-element_type=\"container\" data-e-type=\"container\">\n\t\t\t\t\t<div class=\"e-con-inner\">\n\t\t\t\t<div class=\"elementor-element elementor-element-3794d21 elementor-view-default elementor-position-block-start elementor-mobile-position-block-start elementor-widget elementor-widget-icon-box\" data-id=\"3794d21\" data-element_type=\"widget\" data-e-type=\"widget\" data-widget_type=\"icon-box.default\">\n\t\t\t\t<div class=\"elementor-widget-container\">\n\t\t\t\t\t\t\t<div class=\"elementor-icon-box-wrapper\">\n\n\t\t\t\t\t\t<div class=\"elementor-icon-box-icon\">\n\t\t\t\t<span  class=\"elementor-icon\">\n\t\t\t\t<svg aria-hidden=\"true\" class=\"e-font-icon-svg e-fas-award\" viewbox=\"0 0 384 512\" xmlns=\"http:\/\/www.w3.org\/2000\/svg\"><path d=\"M97.12 362.63c-8.69-8.69-4.16-6.24-25.12-11.85-9.51-2.55-17.87-7.45-25.43-13.32L1.2 448.7c-4.39 10.77 3.81 22.47 15.43 22.03l52.69-2.01L105.56 507c8 8.44 22.04 5.81 26.43-4.96l52.05-127.62c-10.84 6.04-22.87 9.58-35.31 9.58-19.5 0-37.82-7.59-51.61-21.37zM382.8 448.7l-45.37-111.24c-7.56 5.88-15.92 10.77-25.43 13.32-21.07 5.64-16.45 3.18-25.12 11.85-13.79 13.78-32.12 21.37-51.62 21.37-12.44 0-24.47-3.55-35.31-9.58L252 502.04c4.39 10.77 18.44 13.4 26.43 4.96l36.25-38.28 52.69 2.01c11.62.44 19.82-11.27 15.43-22.03zM263 340c15.28-15.55 17.03-14.21 38.79-20.14 13.89-3.79 24.75-14.84 28.47-28.98 7.48-28.4 5.54-24.97 25.95-45.75 10.17-10.35 14.14-25.44 10.42-39.58-7.47-28.38-7.48-24.42 0-52.83 3.72-14.14-.25-29.23-10.42-39.58-20.41-20.78-18.47-17.36-25.95-45.75-3.72-14.14-14.58-25.19-28.47-28.98-27.88-7.61-24.52-5.62-44.95-26.41-10.17-10.35-25-14.4-38.89-10.61-27.87 7.6-23.98 7.61-51.9 0-13.89-3.79-28.72.25-38.89 10.61-20.41 20.78-17.05 18.8-44.94 26.41-13.89 3.79-24.75 14.84-28.47 28.98-7.47 28.39-5.54 24.97-25.95 45.75-10.17 10.35-14.15 25.44-10.42 39.58 7.47 28.36 7.48 24.4 0 52.82-3.72 14.14.25 29.23 10.42 39.59 20.41 20.78 18.47 17.35 25.95 45.75 3.72 14.14 14.58 25.19 28.47 28.98C104.6 325.96 106.27 325 121 340c13.23 13.47 33.84 15.88 49.74 5.82a39.676 39.676 0 0 1 42.53 0c15.89 10.06 36.5 7.65 49.73-5.82zM97.66 175.96c0-53.03 42.24-96.02 94.34-96.02s94.34 42.99 94.34 96.02-42.24 96.02-94.34 96.02-94.34-42.99-94.34-96.02z\"><\/path><\/svg>\t\t\t\t<\/span>\n\t\t\t<\/div>\n\t\t\t\n\t\t\t\t\t\t<div class=\"elementor-icon-box-content\">\n\n\t\t\t\t\t\t\t\t\t<h3 class=\"elementor-icon-box-title\">\n\t\t\t\t\t\t<span  >\n\t\t\t\t\t\t\tVISION\t\t\t\t\t\t<\/span>\n\t\t\t\t\t<\/h3>\n\t\t\t\t\n\t\t\t\t\t\t\t\t\t<p class=\"elementor-icon-box-description\">\n\t\t\t\t\t\tWe strive to be a leading agency in innovation, always staying ahead of emerging trends, ensuring our clients consistently receive results beyond their expectations.\t\t\t\t\t<\/p>\n\t\t\t\t\n\t\t\t<\/div>\n\t\t\t\n\t\t<\/div>\n\t\t\t\t\t\t<\/div>\n\t\t\t\t<\/div>\n\t\t\t\t\t<\/div>\n\t\t\t\t<\/div>\n\t\t<div class=\"has_eae_slider elementor-element elementor-element-ba4939c e-flex e-con-boxed e-con e-child\" data-eae-slider=\"70307\" data-id=\"ba4939c\" data-element_type=\"container\" data-e-type=\"container\">\n\t\t\t\t\t<div class=\"e-con-inner\">\n\t\t\t\t<div class=\"elementor-element elementor-element-ca9bd67 elementor-view-default elementor-position-block-start elementor-mobile-position-block-start elementor-widget elementor-widget-icon-box\" data-id=\"ca9bd67\" data-element_type=\"widget\" data-e-type=\"widget\" data-widget_type=\"icon-box.default\">\n\t\t\t\t<div class=\"elementor-widget-container\">\n\t\t\t\t\t\t\t<div class=\"elementor-icon-box-wrapper\">\n\n\t\t\t\t\t\t<div class=\"elementor-icon-box-icon\">\n\t\t\t\t<span  class=\"elementor-icon\">\n\t\t\t\t<i aria-hidden=\"true\" class=\"icon icon-rocket-ship\"><\/i>\t\t\t\t<\/span>\n\t\t\t<\/div>\n\t\t\t\n\t\t\t\t\t\t<div class=\"elementor-icon-box-content\">\n\n\t\t\t\t\t\t\t\t\t<h3 class=\"elementor-icon-box-title\">\n\t\t\t\t\t\t<span  >\n\t\t\t\t\t\t\tVALUES \t\t\t\t\t\t<\/span>\n\t\t\t\t\t<\/h3>\n\t\t\t\t\n\t\t\t\t\t\t\t\t\t<p class=\"elementor-icon-box-description\">\n\t\t\t\t\t\tInnovation<\/br>\nCreativity<\/br>\nCommitment\t\t\t\t\t<\/p>\n\t\t\t\t\n\t\t\t<\/div>\n\t\t\t\n\t\t<\/div>\n\t\t\t\t\t\t<\/div>\n\t\t\t\t<\/div>\n\t\t\t\t\t<\/div>\n\t\t\t\t<\/div>\n\t\t\t\t\t<\/div>\n\t\t\t\t<\/div>\n\t\t<div class=\"has_eae_slider elementor-element elementor-element-3e0ea6a e-flex e-con-boxed e-con e-parent\" data-eae-slider=\"85105\" data-id=\"3e0ea6a\" data-element_type=\"container\" data-e-type=\"container\" data-settings=\"{&quot;background_background&quot;:&quot;classic&quot;}\">\n\t\t\t\t\t<div class=\"e-con-inner\">\n\t\t\t\t\t<\/div>\n\t\t\t\t<\/div>\n\t\t\t\t<\/div>","protected":false},"excerpt":{"rendered":"<p>Marketing for Business Digital for Branding POR QUE A NOVA DIGITAL POR QUE A NOVA DIGITAL Porque estamos comprometidos em superar suas expectativas, n\u00e3o apenas atend\u00ea-las. Junte-se a n\u00f3s enquanto embarcamos nesta emocionante jornada em dire\u00e7\u00e3o ao sucesso digital. Sua vis\u00e3o \u00e9 nossa miss\u00e3o &#8211; vamos torn\u00e1-la realidade juntos. MISS\u00c3O Queremos elevar marcas atrav\u00e9s de [&hellip;]<\/p>","protected":false},"author":1,"featured_media":0,"parent":0,"menu_order":0,"comment_status":"closed","ping_status":"closed","template":"elementor_header_footer","meta":{"footnotes":""},"class_list":["post-446","page","type-page","status-publish","hentry"],"yoast_head":"<!-- This site is optimized with the Yoast SEO plugin v27.2 - https:\/\/yoast.com\/product\/yoast-seo-wordpress\/ -->\n<title>Sobre n\u00f3s - Nova Digital<\/title>\n<meta name=\"robots\" content=\"index, follow, max-snippet:-1, max-image-preview:large, max-video-preview:-1\" \/>\n<link rel=\"canonical\" href=\"https:\/\/novadigital.co.mz\/en\/sobre-nos\/\" \/>\n<meta property=\"og:locale\" content=\"en_US\" \/>\n<meta property=\"og:type\" content=\"article\" \/>\n<meta property=\"og:title\" content=\"Sobre n\u00f3s - Nova Digital\" \/>\n<meta property=\"og:description\" content=\"Marketing for Business Digital for Branding POR QUE A NOVA DIGITAL POR QUE A NOVA DIGITAL Porque estamos comprometidos em superar suas expectativas, n\u00e3o apenas atend\u00ea-las. Junte-se a n\u00f3s enquanto embarcamos nesta emocionante jornada em dire\u00e7\u00e3o ao sucesso digital. Sua vis\u00e3o \u00e9 nossa miss\u00e3o &#8211; vamos torn\u00e1-la realidade juntos. MISS\u00c3O Queremos elevar marcas atrav\u00e9s de [&hellip;]\" \/>\n<meta property=\"og:url\" content=\"https:\/\/novadigital.co.mz\/en\/sobre-nos\/\" \/>\n<meta property=\"og:site_name\" content=\"Nova Digital\" \/>\n<meta property=\"article:modified_time\" content=\"2024-06-12T14:14:00+00:00\" \/>\n<meta name=\"twitter:card\" content=\"summary_large_image\" \/>\n<meta name=\"twitter:label1\" content=\"Est. reading time\" \/>\n\t<meta name=\"twitter:data1\" content=\"1 minute\" \/>\n<script type=\"application\/ld+json\" class=\"yoast-schema-graph\">{\"@context\":\"https:\/\/schema.org\",\"@graph\":[{\"@type\":\"WebPage\",\"@id\":\"https:\/\/novadigital.co.mz\/sobre-nos\/\",\"url\":\"https:\/\/novadigital.co.mz\/sobre-nos\/\",\"name\":\"Sobre n\u00f3s - Nova Digital\",\"isPartOf\":{\"@id\":\"https:\/\/novadigital.co.mz\/#website\"},\"datePublished\":\"2024-06-03T10:11:54+00:00\",\"dateModified\":\"2024-06-12T14:14:00+00:00\",\"breadcrumb\":{\"@id\":\"https:\/\/novadigital.co.mz\/sobre-nos\/#breadcrumb\"},\"inLanguage\":\"en-US\",\"potentialAction\":[{\"@type\":\"ReadAction\",\"target\":[\"https:\/\/novadigital.co.mz\/sobre-nos\/\"]}]},{\"@type\":\"BreadcrumbList\",\"@id\":\"https:\/\/novadigital.co.mz\/sobre-nos\/#breadcrumb\",\"itemListElement\":[{\"@type\":\"ListItem\",\"position\":1,\"name\":\"Home\",\"item\":\"https:\/\/novadigital.co.mz\/\"},{\"@type\":\"ListItem\",\"position\":2,\"name\":\"Sobre n\u00f3s\"}]},{\"@type\":\"WebSite\",\"@id\":\"https:\/\/novadigital.co.mz\/#website\",\"url\":\"https:\/\/novadigital.co.mz\/\",\"name\":\"Nova Digital\",\"description\":\"CONNECTING BRANDS T O T H E W O R L D\",\"potentialAction\":[{\"@type\":\"SearchAction\",\"target\":{\"@type\":\"EntryPoint\",\"urlTemplate\":\"https:\/\/novadigital.co.mz\/?s={search_term_string}\"},\"query-input\":{\"@type\":\"PropertyValueSpecification\",\"valueRequired\":true,\"valueName\":\"search_term_string\"}}],\"inLanguage\":\"en-US\"}]}<\/script>\n<!-- \/ Yoast SEO plugin. -->","yoast_head_json":{"title":"Sobre n\u00f3s - Nova Digital","robots":{"index":"index","follow":"follow","max-snippet":"max-snippet:-1","max-image-preview":"max-image-preview:large","max-video-preview":"max-video-preview:-1"},"canonical":"https:\/\/novadigital.co.mz\/en\/sobre-nos\/","og_locale":"en_US","og_type":"article","og_title":"Sobre n\u00f3s - Nova Digital","og_description":"Marketing for Business Digital for Branding POR QUE A NOVA DIGITAL POR QUE A NOVA DIGITAL Porque estamos comprometidos em superar suas expectativas, n\u00e3o apenas atend\u00ea-las. Junte-se a n\u00f3s enquanto embarcamos nesta emocionante jornada em dire\u00e7\u00e3o ao sucesso digital. Sua vis\u00e3o \u00e9 nossa miss\u00e3o &#8211; vamos torn\u00e1-la realidade juntos. MISS\u00c3O Queremos elevar marcas atrav\u00e9s de [&hellip;]","og_url":"https:\/\/novadigital.co.mz\/en\/sobre-nos\/","og_site_name":"Nova Digital","article_modified_time":"2024-06-12T14:14:00+00:00","twitter_card":"summary_large_image","twitter_misc":{"Est. reading time":"1 minute"},"schema":{"@context":"https:\/\/schema.org","@graph":[{"@type":"WebPage","@id":"https:\/\/novadigital.co.mz\/sobre-nos\/","url":"https:\/\/novadigital.co.mz\/sobre-nos\/","name":"Sobre n\u00f3s - Nova Digital","isPartOf":{"@id":"https:\/\/novadigital.co.mz\/#website"},"datePublished":"2024-06-03T10:11:54+00:00","dateModified":"2024-06-12T14:14:00+00:00","breadcrumb":{"@id":"https:\/\/novadigital.co.mz\/sobre-nos\/#breadcrumb"},"inLanguage":"en-US","potentialAction":[{"@type":"ReadAction","target":["https:\/\/novadigital.co.mz\/sobre-nos\/"]}]},{"@type":"BreadcrumbList","@id":"https:\/\/novadigital.co.mz\/sobre-nos\/#breadcrumb","itemListElement":[{"@type":"ListItem","position":1,"name":"Home","item":"https:\/\/novadigital.co.mz\/"},{"@type":"ListItem","position":2,"name":"Sobre n\u00f3s"}]},{"@type":"WebSite","@id":"https:\/\/novadigital.co.mz\/#website","url":"https:\/\/novadigital.co.mz\/","name":"Nova Digital","description":"CONNECTING BRANDS T O T H E W O R L D","potentialAction":[{"@type":"SearchAction","target":{"@type":"EntryPoint","urlTemplate":"https:\/\/novadigital.co.mz\/?s={search_term_string}"},"query-input":{"@type":"PropertyValueSpecification","valueRequired":true,"valueName":"search_term_string"}}],"inLanguage":"en-US"}]}},"_links":{"self":[{"href":"https:\/\/novadigital.co.mz\/en\/wp-json\/wp\/v2\/pages\/446","targetHints":{"allow":["GET"]}}],"collection":[{"href":"https:\/\/novadigital.co.mz\/en\/wp-json\/wp\/v2\/pages"}],"about":[{"href":"https:\/\/novadigital.co.mz\/en\/wp-json\/wp\/v2\/types\/page"}],"author":[{"embeddable":true,"href":"https:\/\/novadigital.co.mz\/en\/wp-json\/wp\/v2\/users\/1"}],"replies":[{"embeddable":true,"href":"https:\/\/novadigital.co.mz\/en\/wp-json\/wp\/v2\/comments?post=446"}],"version-history":[{"count":0,"href":"https:\/\/novadigital.co.mz\/en\/wp-json\/wp\/v2\/pages\/446\/revisions"}],"wp:attachment":[{"href":"https:\/\/novadigital.co.mz\/en\/wp-json\/wp\/v2\/media?parent=446"}],"curies":[{"name":"wp","href":"https:\/\/api.w.org\/{rel}","templated":true}]}}